{"id":2000,"date":"2023-05-08T19:44:20","date_gmt":"2023-05-08T19:44:20","guid":{"rendered":"https:\/\/www.villamango.com.br\/livre\/"},"modified":"2026-02-05T18:33:37","modified_gmt":"2026-02-05T18:33:37","slug":"reserver","status":"publish","type":"page","link":"https:\/\/www.villamango.com.br\/fr\/reserver\/","title":{"rendered":"R\u00e9server"},"content":{"rendered":"\t\t<div data-elementor-type=\"wp-page\" data-elementor-id=\"2000\" class=\"elementor elementor-2000 elementor-1145\" data-elementor-post-type=\"page\">\n\t\t\t\t<div class=\"elementor-element elementor-element-42a8353 e-flex e-con-boxed e-con e-parent\" data-id=\"42a8353\" data-element_type=\"container\" data-e-type=\"container\">\n\t\t\t\t\t<div class=\"e-con-inner\">\n\t\t<div class=\"elementor-element elementor-element-f941fa3 e-flex e-con-boxed e-con e-child\" data-id=\"f941fa3\" data-element_type=\"container\" data-e-type=\"container\" data-settings=\"{&quot;background_background&quot;:&quot;classic&quot;}\">\n\t\t\t\t\t<div class=\"e-con-inner\">\n\t\t\t\t<div class=\"elementor-element elementor-element-18a2d73 elementor-widget elementor-widget-heading\" data-id=\"18a2d73\" data-element_type=\"widget\" data-e-type=\"widget\" data-widget_type=\"heading.default\">\n\t\t\t\t<div class=\"elementor-widget-container\">\n\t\t\t\t\t<p class=\"elementor-heading-title elementor-size-default\">Avez-vous besoin d'un transfert pour votre arriv\u00e9e ou votre d\u00e9part ? Contactez nous<\/p>\t\t\t\t<\/div>\n\t\t\t\t<\/div>\n\t\t\t\t<div class=\"elementor-element elementor-element-fdf4e65 elementor-align-center elementor-hidden-desktop elementor-hidden-tablet elementor-hidden-mobile elementor-widget elementor-widget-button\" data-id=\"fdf4e65\" data-element_type=\"widget\" data-e-type=\"widget\" data-widget_type=\"button.default\">\n\t\t\t\t<div class=\"elementor-widget-container\">\n\t\t\t\t\t\t\t\t\t<div class=\"elementor-button-wrapper\">\n\t\t\t\t\t<a class=\"elementor-button elementor-button-link elementor-size-sm\" href=\"https:\/\/wa.me\/5585991535286\" target=\"_blank\" rel=\"nofollow\">\n\t\t\t\t\t\t<span class=\"elementor-button-content-wrapper\">\n\t\t\t\t\t\t\t\t\t<span class=\"elementor-button-text\">R\u00e9server un transfert<\/span>\n\t\t\t\t\t<\/span>\n\t\t\t\t\t<\/a>\n\t\t\t\t<\/div>\n\t\t\t\t\t\t\t\t<\/div>\n\t\t\t\t<\/div>\n\t\t\t\t\t<\/div>\n\t\t\t\t<\/div>\n\t\t\t\t<div class=\"elementor-element elementor-element-f1d06f0 elementor-widget elementor-widget-heading\" data-id=\"f1d06f0\" data-element_type=\"widget\" data-e-type=\"widget\" data-widget_type=\"heading.default\">\n\t\t\t\t<div class=\"elementor-widget-container\">\n\t\t\t\t\t<p class=\"elementor-heading-title elementor-size-default\">S\u00e9lectionnez les dates souhait\u00e9es pour v\u00e9rifier la disponibilit\u00e9 et le prix de nos chambres et de nos bungalows. Vous trouverez les d\u00e9tails des chambres en cliquant sur \"d\u00e9tails\", \"disponibilit\u00e9s\" et \"photos\".<\/p>\t\t\t\t<\/div>\n\t\t\t\t<\/div>\n\t\t\t\t<div class=\"elementor-element elementor-element-f2fef78 elementor-widget elementor-widget-heading\" data-id=\"f2fef78\" data-element_type=\"widget\" data-e-type=\"widget\" data-widget_type=\"heading.default\">\n\t\t\t\t<div class=\"elementor-widget-container\">\n\t\t\t\t\t<p class=\"elementor-heading-title elementor-size-default\">\nPour garantir votre r\u00e9servation, vous pouvez r\u00e9server directement en ligne avec un paiement s\u00e9curis\u00e9 par carte de cr\u00e9dit. Vous pouvez changer de langue en utilisant le s\u00e9lecteur situ\u00e9 dans le coin sup\u00e9rieur droit.<\/p>\t\t\t\t<\/div>\n\t\t\t\t<\/div>\n\t\t\t\t<div class=\"elementor-element elementor-element-8717760 elementor-hidden-desktop elementor-hidden-tablet elementor-hidden-mobile elementor-widget elementor-widget-shortcode\" data-id=\"8717760\" data-element_type=\"widget\" data-e-type=\"widget\" data-widget_type=\"shortcode.default\">\n\t\t\t\t<div class=\"elementor-widget-container\">\n\t\t\t\t\t\t\t<div class=\"elementor-shortcode\"><script type=\"text\/javascript\" src=\"\/\/villamango.checkfront.com\/lib\/interface--0.js\"><\/script>\n<!-- CHECKFRONT BOOKING PLUGIN v25-->\n<div id=\"CHECKFRONT_WIDGET_01\"><p id=\"CHECKFRONT_LOADER\" style=\"background: url('\/\/villamango.checkfront.com\/images\/loader.gif') left center no-repeat; padding: 5px 5px 5px 20px\">Searching Availability...<\/p><\/div>\n<script>\nnew DROPLET.Widget ({\nhost: 'villamango.checkfront.com',\ntarget: 'CHECKFRONT_WIDGET_01',\nitem_id: '',\ncategory_id: '',\nlocale_id: 'fr_FR',\noptions: 'tabs',\nprovider: 'droplet'\n}).render();\n<\/script>\n<noscript><a href=\"https:\/\/villamango.checkfront.com\/reserve\/\" style=\"font-size: 16px\">Continue to Secure Booking System &raquo;<\/a><\/noscript><\/div>\n\t\t\t\t\t\t<\/div>\n\t\t\t\t<\/div>\n\t\t\t\t<div class=\"elementor-element elementor-element-27f5e07 elementor-widget elementor-widget-heading\" data-id=\"27f5e07\" data-element_type=\"widget\" data-e-type=\"widget\" data-widget_type=\"heading.default\">\n\t\t\t\t<div class=\"elementor-widget-container\">\n\t\t\t\t\t<p class=\"elementor-heading-title elementor-size-default\">Un logement n'est pas disponible \u00e0 la date souhait\u00e9e ?<\/p>\t\t\t\t<\/div>\n\t\t\t\t<\/div>\n\t\t\t\t<div class=\"elementor-element elementor-element-0f7b912 elementor-align-center elementor-hidden-desktop elementor-hidden-tablet elementor-hidden-mobile elementor-widget elementor-widget-button\" data-id=\"0f7b912\" data-element_type=\"widget\" data-e-type=\"widget\" data-widget_type=\"button.default\">\n\t\t\t\t<div class=\"elementor-widget-container\">\n\t\t\t\t\t\t\t\t\t<div class=\"elementor-button-wrapper\">\n\t\t\t\t\t<a class=\"elementor-button elementor-button-link elementor-size-sm\" href=\"https:\/\/www.villamango.com.br\/fr\/reserver\/\" target=\"_blank\" rel=\"nofollow\">\n\t\t\t\t\t\t<span class=\"elementor-button-content-wrapper\">\n\t\t\t\t\t\t\t\t\t<span class=\"elementor-button-text\">V\u00e9rifier la disponibilit\u00e9 de tous les logements.<\/span>\n\t\t\t\t\t<\/span>\n\t\t\t\t\t<\/a>\n\t\t\t\t<\/div>\n\t\t\t\t\t\t\t\t<\/div>\n\t\t\t\t<\/div>\n\t\t\t\t\t<\/div>\n\t\t\t\t<\/div>\n\t\t\t\t<\/div>\n\t\t","protected":false},"excerpt":{"rendered":"<p>Avez-vous besoin d&rsquo;un transfert pour votre arriv\u00e9e ou votre d\u00e9part ? Contactez nous R\u00e9server un transfert S\u00e9lectionnez les dates souhait\u00e9es pour v\u00e9rifier la disponibilit\u00e9 et le prix de nos chambres et de nos bungalows. Vous trouverez les d\u00e9tails des chambres en cliquant sur \u00ab\u00a0d\u00e9tails\u00a0\u00bb, \u00ab\u00a0disponibilit\u00e9s\u00a0\u00bb et \u00ab\u00a0photos\u00a0\u00bb. Pour garantir votre r\u00e9servation, vous pouvez r\u00e9server directement [&hellip;]<\/p>\n","protected":false},"author":1,"featured_media":1914,"parent":0,"menu_order":10,"comment_status":"closed","ping_status":"closed","template":"","meta":{"_seopress_robots_primary_cat":"","_seopress_titles_title":"R\u00e9servez votre s\u00e9jour \u00e0 Beach Club Hotel Villa Mango","_seopress_titles_desc":"R\u00e9servez votre chambre au Beach Club Hotel Villa Mango et vivez une exp\u00e9rience inoubliable \u00e0 Icaraizinho de Amontada. Avec un h\u00e9bergement luxueux, des activit\u00e9s passionnantes et un cadre relaxant en bord de mer, notre h\u00f4tel vous promet un s\u00e9jour vraiment m\u00e9morable. R\u00e9servez d\u00e8s maintenant votre s\u00e9jour \u00e0 la Villa Mango.","_seopress_robots_index":"","footnotes":""},"class_list":["post-2000","page","type-page","status-publish","has-post-thumbnail","hentry"],"_links":{"self":[{"href":"https:\/\/www.villamango.com.br\/fr\/wp-json\/wp\/v2\/pages\/2000","targetHints":{"allow":["GET"]}}],"collection":[{"href":"https:\/\/www.villamango.com.br\/fr\/wp-json\/wp\/v2\/pages"}],"about":[{"href":"https:\/\/www.villamango.com.br\/fr\/wp-json\/wp\/v2\/types\/page"}],"author":[{"embeddable":true,"href":"https:\/\/www.villamango.com.br\/fr\/wp-json\/wp\/v2\/users\/1"}],"replies":[{"embeddable":true,"href":"https:\/\/www.villamango.com.br\/fr\/wp-json\/wp\/v2\/comments?post=2000"}],"version-history":[{"count":10,"href":"https:\/\/www.villamango.com.br\/fr\/wp-json\/wp\/v2\/pages\/2000\/revisions"}],"predecessor-version":[{"id":3945,"href":"https:\/\/www.villamango.com.br\/fr\/wp-json\/wp\/v2\/pages\/2000\/revisions\/3945"}],"wp:featuredmedia":[{"embeddable":true,"href":"https:\/\/www.villamango.com.br\/fr\/wp-json\/wp\/v2\/media\/1914"}],"wp:attachment":[{"href":"https:\/\/www.villamango.com.br\/fr\/wp-json\/wp\/v2\/media?parent=2000"}],"curies":[{"name":"wp","href":"https:\/\/api.w.org\/{rel}","templated":true}]}}