{"id":1991,"date":"2023-05-03T17:47:33","date_gmt":"2023-05-03T17:47:33","guid":{"rendered":"https:\/\/www.villamango.com.br\/evenements-speciaux\/"},"modified":"2026-02-05T17:53:22","modified_gmt":"2026-02-05T17:53:22","slug":"evenements-speciaux","status":"publish","type":"page","link":"https:\/\/www.villamango.com.br\/fr\/evenements-speciaux\/","title":{"rendered":"\u00c9v\u00e9nements sp\u00e9ciaux"},"content":{"rendered":"\t\t<div data-elementor-type=\"wp-page\" data-elementor-id=\"1991\" class=\"elementor elementor-1991 elementor-61\" data-elementor-post-type=\"page\">\n\t\t\t\t<div class=\"elementor-element elementor-element-2fec251 e-flex e-con-boxed e-con e-parent\" data-id=\"2fec251\" data-element_type=\"container\" data-e-type=\"container\" data-settings=\"{&quot;background_background&quot;:&quot;classic&quot;}\">\n\t\t\t\t\t<div class=\"e-con-inner\">\n\t\t\t\t<div class=\"elementor-element elementor-element-8367d97 elementor-widget elementor-widget-heading\" data-id=\"8367d97\" data-element_type=\"widget\" data-e-type=\"widget\" data-widget_type=\"heading.default\">\n\t\t\t\t<div class=\"elementor-widget-container\">\n\t\t\t\t\t<h1 class=\"elementor-heading-title elementor-size-default\">\u00c9V\u00c9NEMENTS SP\u00c9CIAUX<\/h1>\t\t\t\t<\/div>\n\t\t\t\t<\/div>\n\t\t\t\t<div class=\"elementor-element elementor-element-bafa422 elementor-widget-divider--view-line elementor-widget elementor-widget-divider\" data-id=\"bafa422\" data-element_type=\"widget\" data-e-type=\"widget\" data-widget_type=\"divider.default\">\n\t\t\t\t<div class=\"elementor-widget-container\">\n\t\t\t\t\t\t\t<div class=\"elementor-divider\">\n\t\t\t<span class=\"elementor-divider-separator\">\n\t\t\t\t\t\t<\/span>\n\t\t<\/div>\n\t\t\t\t\t\t<\/div>\n\t\t\t\t<\/div>\n\t\t\t\t<div class=\"elementor-element elementor-element-46e9e8f elementor-widget elementor-widget-heading\" data-id=\"46e9e8f\" data-element_type=\"widget\" data-e-type=\"widget\" data-widget_type=\"heading.default\">\n\t\t\t\t<div class=\"elementor-widget-container\">\n\t\t\t\t\t<h3 class=\"elementor-heading-title elementor-size-default\">C\u00e9l\u00e9brer des <b>moments uniques<\/b> \u00e0 Villa Mango<\/h3>\t\t\t\t<\/div>\n\t\t\t\t<\/div>\n\t\t\t\t<div class=\"elementor-element elementor-element-dbc7d5e elementor-hidden-desktop elementor-hidden-tablet elementor-hidden-mobile elementor-widget elementor-widget-button\" data-id=\"dbc7d5e\" data-element_type=\"widget\" data-e-type=\"widget\" data-widget_type=\"button.default\">\n\t\t\t\t<div class=\"elementor-widget-container\">\n\t\t\t\t\t\t\t\t\t<div class=\"elementor-button-wrapper\">\n\t\t\t\t\t<a class=\"elementor-button elementor-button-link elementor-size-sm\" href=\"#elementor-action%3Aaction%3Dpopup%3Aopen%26settings%3DeyJpZCI6MjIxMiwidG9nZ2xlIjpmYWxzZX0%3D\">\n\t\t\t\t\t\t<span class=\"elementor-button-content-wrapper\">\n\t\t\t\t\t\t\t\t\t<span class=\"elementor-button-text\">R\u00e9server<\/span>\n\t\t\t\t\t<\/span>\n\t\t\t\t\t<\/a>\n\t\t\t\t<\/div>\n\t\t\t\t\t\t\t\t<\/div>\n\t\t\t\t<\/div>\n\t\t\t\t\t<\/div>\n\t\t\t\t<\/div>\n\t\t<div class=\"elementor-element elementor-element-e2a0ebd e-flex e-con-boxed e-con e-parent\" data-id=\"e2a0ebd\" data-element_type=\"container\" data-e-type=\"container\">\n\t\t\t\t\t<div class=\"e-con-inner\">\n\t\t\t\t<div class=\"elementor-element elementor-element-9cb9754 elementor-widget elementor-widget-text-editor\" data-id=\"9cb9754\" data-element_type=\"widget\" data-e-type=\"widget\" data-widget_type=\"text-editor.default\">\n\t\t\t\t<div class=\"elementor-widget-container\">\n\t\t\t\t\t\t\t\t\t<p>Notre <a href=\"https:\/\/www.villamango.com.br\/fr\/beach-hotel\/\">Beach Club Hotel,<\/a> situ\u00e9 sur la magnifique plage d&rsquo;Icaraizinho, dans le nord-est du Br\u00e9sil, est le cadre id\u00e9al pour rendre votre \u00e9v\u00e9nement inoubliable. Qu&rsquo;il s&rsquo;agisse d&rsquo;un mariage, d&rsquo;un anniversaire ou d&rsquo;une lune de miel, nous vous proposons un cadre charmant et des services personnalis\u00e9s pour r\u00e9pondre \u00e0 vos besoins et \u00e0 vos souhaits.<\/p><p>Imaginez que vous disiez \u00ab\u00a0je le veux\u00a0\u00bb les pieds dans le sable, devant une mer cristalline et sous un ciel rempli d&rsquo;\u00e9toiles, offrant ainsi <strong>un moment magique<\/strong> et romantique \u00e0 toutes les personnes pr\u00e9sentes. Nos espaces polyvalents et joliment d\u00e9cor\u00e9s sont id\u00e9aux pour c\u00e9l\u00e9brer des anniversaires sp\u00e9ciaux, avec la possibilit\u00e9 d&rsquo;une personnalisation compl\u00e8te pour s&rsquo;adapter au th\u00e8me et au style de votre f\u00eate.<\/p><p>Et pour ceux qui recherchent une escapade romantique apr\u00e8s le grand jour, notre <strong>lune de miel<\/strong> est l&rsquo;option id\u00e9ale. Profitez d&rsquo;un h\u00e9bergement luxueux, d&rsquo;un service de premi\u00e8re classe et d&rsquo;une foule d&rsquo;activit\u00e9s pour les couples, telles que des excursions en bateau, des le\u00e7ons de kitesurf ou un simple moment de d\u00e9tente sur la plage.<\/p><p>Ne manquez pas l&rsquo;occasion de c\u00e9l\u00e9brer des moments uniques et inoubliables dans notre h\u00f4tel Beach Club \u00e0 Icaraizinho. Contactez-nous et d\u00e9couvrez comment nous pouvons rendre votre \u00e9v\u00e9nement encore plus sp\u00e9cial.<\/p>\t\t\t\t\t\t\t\t<\/div>\n\t\t\t\t<\/div>\n\t\t\t\t\t<\/div>\n\t\t\t\t<\/div>\n\t\t<div class=\"elementor-element elementor-element-d3da7e4 e-flex e-con-boxed e-con e-parent\" data-id=\"d3da7e4\" data-element_type=\"container\" data-e-type=\"container\" data-settings=\"{&quot;background_background&quot;:&quot;classic&quot;}\">\n\t\t\t\t\t<div class=\"e-con-inner\">\n\t\t<div class=\"elementor-element elementor-element-8fc13a5 e-con-full e-flex e-con e-child\" data-id=\"8fc13a5\" data-element_type=\"container\" data-e-type=\"container\">\n\t\t\t\t<div class=\"elementor-element elementor-element-0c29ec5 elementor-widget elementor-widget-heading\" data-id=\"0c29ec5\" data-element_type=\"widget\" data-e-type=\"widget\" data-widget_type=\"heading.default\">\n\t\t\t\t<div class=\"elementor-widget-container\">\n\t\t\t\t\t<h2 class=\"elementor-heading-title elementor-size-default\">Mariage <b>exclusif<\/b><\/h2>\t\t\t\t<\/div>\n\t\t\t\t<\/div>\n\t\t\t\t<div class=\"elementor-element elementor-element-e742307 elementor-widget elementor-widget-text-editor\" data-id=\"e742307\" data-element_type=\"widget\" data-e-type=\"widget\" data-widget_type=\"text-editor.default\">\n\t\t\t\t<div class=\"elementor-widget-container\">\n\t\t\t\t\t\t\t\t\t<p>Notre Beach Club Hotel d&rsquo;Icaraizinho est le cadre id\u00e9al pour votre <strong>mariage en bord de mer<\/strong>. Imaginez que vous \u00e9changez vos v\u0153ux les pieds dans le sable, sous un coucher de soleil \u00e9poustouflant et au son des vagues.<\/p><p><strong>C\u00e9l\u00e9brez l&rsquo;amour dans notre h\u00f4tel et faites de votre mariage un jour magique.<\/strong>  Prenez contact avec nous pour en savoir plus sur la mani\u00e8re dont nous pouvons vous aider \u00e0 r\u00e9aliser le mariage de vos r\u00eaves.<\/p>\t\t\t\t\t\t\t\t<\/div>\n\t\t\t\t<\/div>\n\t\t\t\t<div class=\"elementor-element elementor-element-6ab2def elementor-hidden-desktop elementor-hidden-tablet elementor-hidden-mobile elementor-widget elementor-widget-button\" data-id=\"6ab2def\" data-element_type=\"widget\" data-e-type=\"widget\" data-widget_type=\"button.default\">\n\t\t\t\t<div class=\"elementor-widget-container\">\n\t\t\t\t\t\t\t\t\t<div class=\"elementor-button-wrapper\">\n\t\t\t\t\t<a class=\"elementor-button elementor-button-link elementor-size-sm\" href=\"#elementor-action%3Aaction%3Dpopup%3Aopen%26settings%3DeyJpZCI6MjIxMiwidG9nZ2xlIjpmYWxzZX0%3D\">\n\t\t\t\t\t\t<span class=\"elementor-button-content-wrapper\">\n\t\t\t\t\t\t\t\t\t<span class=\"elementor-button-text\">R\u00e9server<\/span>\n\t\t\t\t\t<\/span>\n\t\t\t\t\t<\/a>\n\t\t\t\t<\/div>\n\t\t\t\t\t\t\t\t<\/div>\n\t\t\t\t<\/div>\n\t\t\t\t<\/div>\n\t\t<div class=\"elementor-element elementor-element-9f56158 e-con-full e-flex e-con e-child\" data-id=\"9f56158\" data-element_type=\"container\" data-e-type=\"container\">\n\t\t\t\t<div class=\"elementor-element elementor-element-22d0b07 elementor-widget elementor-widget-image\" data-id=\"22d0b07\" data-element_type=\"widget\" data-e-type=\"widget\" data-widget_type=\"image.default\">\n\t\t\t\t<div class=\"elementor-widget-container\">\n\t\t\t\t\t\t\t\t\t\t\t\t\t\t\t<img fetchpriority=\"high\" decoding=\"async\" width=\"800\" height=\"663\" src=\"https:\/\/www.villamango.com.br\/wp-content\/uploads\/2023\/05\/casamento-em-icaraizinho-villa-mango-1024x848.jpeg\" class=\"attachment-large size-large wp-image-1688\" alt=\"\" srcset=\"https:\/\/www.villamango.com.br\/wp-content\/uploads\/2023\/05\/casamento-em-icaraizinho-villa-mango-1024x848.jpeg 1024w, https:\/\/www.villamango.com.br\/wp-content\/uploads\/2023\/05\/casamento-em-icaraizinho-villa-mango-300x248.jpeg 300w, https:\/\/www.villamango.com.br\/wp-content\/uploads\/2023\/05\/casamento-em-icaraizinho-villa-mango-768x636.jpeg 768w, https:\/\/www.villamango.com.br\/wp-content\/uploads\/2023\/05\/casamento-em-icaraizinho-villa-mango.jpeg 1280w\" sizes=\"(max-width: 800px) 100vw, 800px\" \/>\t\t\t\t\t\t\t\t\t\t\t\t\t\t\t<\/div>\n\t\t\t\t<\/div>\n\t\t\t\t<\/div>\n\t\t\t\t\t<\/div>\n\t\t\t\t<\/div>\n\t\t<div class=\"elementor-element elementor-element-17910a9 e-flex e-con-boxed e-con e-parent\" data-id=\"17910a9\" data-element_type=\"container\" data-e-type=\"container\" data-settings=\"{&quot;background_background&quot;:&quot;classic&quot;}\">\n\t\t\t\t\t<div class=\"e-con-inner\">\n\t\t<div class=\"elementor-element elementor-element-402db56 e-con-full e-flex e-con e-child\" data-id=\"402db56\" data-element_type=\"container\" data-e-type=\"container\">\n\t\t\t\t<div class=\"elementor-element elementor-element-7fe71ac elementor-widget elementor-widget-image\" data-id=\"7fe71ac\" data-element_type=\"widget\" data-e-type=\"widget\" data-widget_type=\"image.default\">\n\t\t\t\t<div class=\"elementor-widget-container\">\n\t\t\t\t\t\t\t\t\t\t\t\t\t\t\t<img decoding=\"async\" width=\"800\" height=\"663\" src=\"https:\/\/www.villamango.com.br\/wp-content\/uploads\/2023\/05\/celebrar-aniversario-icaraizinho-1024x848.jpeg\" class=\"attachment-large size-large wp-image-1690\" alt=\"\" srcset=\"https:\/\/www.villamango.com.br\/wp-content\/uploads\/2023\/05\/celebrar-aniversario-icaraizinho-1024x848.jpeg 1024w, https:\/\/www.villamango.com.br\/wp-content\/uploads\/2023\/05\/celebrar-aniversario-icaraizinho-300x248.jpeg 300w, https:\/\/www.villamango.com.br\/wp-content\/uploads\/2023\/05\/celebrar-aniversario-icaraizinho-768x636.jpeg 768w, https:\/\/www.villamango.com.br\/wp-content\/uploads\/2023\/05\/celebrar-aniversario-icaraizinho.jpeg 1280w\" sizes=\"(max-width: 800px) 100vw, 800px\" \/>\t\t\t\t\t\t\t\t\t\t\t\t\t\t\t<\/div>\n\t\t\t\t<\/div>\n\t\t\t\t<\/div>\n\t\t<div class=\"elementor-element elementor-element-b9ebab3 e-con-full e-flex e-con e-child\" data-id=\"b9ebab3\" data-element_type=\"container\" data-e-type=\"container\">\n\t\t\t\t<div class=\"elementor-element elementor-element-5ce6e5e elementor-widget elementor-widget-heading\" data-id=\"5ce6e5e\" data-element_type=\"widget\" data-e-type=\"widget\" data-widget_type=\"heading.default\">\n\t\t\t\t<div class=\"elementor-widget-container\">\n\t\t\t\t\t<h2 class=\"elementor-heading-title elementor-size-default\">Anniversaire au bord de la <b>mer <\/b> <\/h2>\t\t\t\t<\/div>\n\t\t\t\t<\/div>\n\t\t\t\t<div class=\"elementor-element elementor-element-ab9c2e9 elementor-widget elementor-widget-text-editor\" data-id=\"ab9c2e9\" data-element_type=\"widget\" data-e-type=\"widget\" data-widget_type=\"text-editor.default\">\n\t\t\t\t<div class=\"elementor-widget-container\">\n\t\t\t\t\t\t\t\t\t<p><strong>F\u00eatez votre anniversaire<\/strong> dans notre h\u00f4tel Beach Club \u00e0 Icaraizinho ! Notre \u00e9quipe s&rsquo;occupe de tous les d\u00e9tails, garantissant une c\u00e9l\u00e9bration unique et inoubliable. Profitez de votre journ\u00e9e sp\u00e9ciale au bord de la mer avec un d\u00e9cor personnalis\u00e9, un menu d\u00e9licieux et une atmosph\u00e8re festive.<\/p><p>Profitez de la vue imprenable et de la brise marine pour faire la f\u00eate avec vos amis et votre famille. Prenez contact avec nous et d\u00e9couvrez comment nous pouvons faire de <strong>votre anniversaire<\/strong> un moment inoubliable dans notre h\u00f4tel.<\/p>\t\t\t\t\t\t\t\t<\/div>\n\t\t\t\t<\/div>\n\t\t\t\t<div class=\"elementor-element elementor-element-5c3a0f5 elementor-hidden-desktop elementor-hidden-tablet elementor-hidden-mobile elementor-widget elementor-widget-button\" data-id=\"5c3a0f5\" data-element_type=\"widget\" data-e-type=\"widget\" data-widget_type=\"button.default\">\n\t\t\t\t<div class=\"elementor-widget-container\">\n\t\t\t\t\t\t\t\t\t<div class=\"elementor-button-wrapper\">\n\t\t\t\t\t<a class=\"elementor-button elementor-button-link elementor-size-sm\" href=\"#elementor-action%3Aaction%3Dpopup%3Aopen%26settings%3DeyJpZCI6MjIxMiwidG9nZ2xlIjpmYWxzZX0%3D\">\n\t\t\t\t\t\t<span class=\"elementor-button-content-wrapper\">\n\t\t\t\t\t\t\t\t\t<span class=\"elementor-button-text\">R\u00e9server<\/span>\n\t\t\t\t\t<\/span>\n\t\t\t\t\t<\/a>\n\t\t\t\t<\/div>\n\t\t\t\t\t\t\t\t<\/div>\n\t\t\t\t<\/div>\n\t\t\t\t<\/div>\n\t\t\t\t\t<\/div>\n\t\t\t\t<\/div>\n\t\t<div class=\"elementor-element elementor-element-a4fe0fb e-flex e-con-boxed e-con e-parent\" data-id=\"a4fe0fb\" data-element_type=\"container\" data-e-type=\"container\" data-settings=\"{&quot;background_background&quot;:&quot;classic&quot;}\">\n\t\t\t\t\t<div class=\"e-con-inner\">\n\t\t<div class=\"elementor-element elementor-element-57fbd01 e-con-full e-flex e-con e-child\" data-id=\"57fbd01\" data-element_type=\"container\" data-e-type=\"container\">\n\t\t\t\t<div class=\"elementor-element elementor-element-5c45bf5 elementor-widget elementor-widget-heading\" data-id=\"5c45bf5\" data-element_type=\"widget\" data-e-type=\"widget\" data-widget_type=\"heading.default\">\n\t\t\t\t<div class=\"elementor-widget-container\">\n\t\t\t\t\t<h2 class=\"elementor-heading-title elementor-size-default\">Lune <b>de miel<\/b><\/h2>\t\t\t\t<\/div>\n\t\t\t\t<\/div>\n\t\t\t\t<div class=\"elementor-element elementor-element-c58d2b9 elementor-widget elementor-widget-text-editor\" data-id=\"c58d2b9\" data-element_type=\"widget\" data-e-type=\"widget\" data-widget_type=\"text-editor.default\">\n\t\t\t\t<div class=\"elementor-widget-container\">\n\t\t\t\t\t\t\t\t\t<p class=\"p1\">Profitez d&rsquo;une lune de miel inoubliable dans notre h\u00f4tel Beach Club \u00e0 Icaraizinho. C\u00e9l\u00e9brez l&rsquo;amour dans un paradis baln\u00e9aire avec un h\u00e9bergement confortable et des vues \u00e0 couper le souffle.<\/p><p>Notre \u00e9quipe s&rsquo;occupera de chaque d\u00e9tail et vous offrira des moments romantiques avec vue sur la mer et le coucher de soleil. D\u00e9tendez-vous et profitez de la tranquillit\u00e9, tout en cr\u00e9ant des souvenirs inestimables. Contactez-nous et planifiez la lune de miel de vos r\u00eaves dans notre h\u00f4tel.<\/p>\t\t\t\t\t\t\t\t<\/div>\n\t\t\t\t<\/div>\n\t\t\t\t<div class=\"elementor-element elementor-element-eb5be0e elementor-hidden-desktop elementor-hidden-tablet elementor-hidden-mobile elementor-widget elementor-widget-button\" data-id=\"eb5be0e\" data-element_type=\"widget\" data-e-type=\"widget\" data-widget_type=\"button.default\">\n\t\t\t\t<div class=\"elementor-widget-container\">\n\t\t\t\t\t\t\t\t\t<div class=\"elementor-button-wrapper\">\n\t\t\t\t\t<a class=\"elementor-button elementor-button-link elementor-size-sm\" href=\"#elementor-action%3Aaction%3Dpopup%3Aopen%26settings%3DeyJpZCI6MjIxMiwidG9nZ2xlIjpmYWxzZX0%3D\">\n\t\t\t\t\t\t<span class=\"elementor-button-content-wrapper\">\n\t\t\t\t\t\t\t\t\t<span class=\"elementor-button-text\">R\u00e9server<\/span>\n\t\t\t\t\t<\/span>\n\t\t\t\t\t<\/a>\n\t\t\t\t<\/div>\n\t\t\t\t\t\t\t\t<\/div>\n\t\t\t\t<\/div>\n\t\t\t\t<\/div>\n\t\t<div class=\"elementor-element elementor-element-db4f53e e-con-full e-flex e-con e-child\" data-id=\"db4f53e\" data-element_type=\"container\" data-e-type=\"container\">\n\t\t\t\t<div class=\"elementor-element elementor-element-5d083ad elementor-widget elementor-widget-image\" data-id=\"5d083ad\" data-element_type=\"widget\" data-e-type=\"widget\" data-widget_type=\"image.default\">\n\t\t\t\t<div class=\"elementor-widget-container\">\n\t\t\t\t\t\t\t\t\t\t\t\t\t\t\t<img decoding=\"async\" width=\"800\" height=\"663\" src=\"https:\/\/www.villamango.com.br\/wp-content\/uploads\/2023\/05\/lua-do-mel-nordeste-1024x848.jpeg\" class=\"attachment-large size-large wp-image-1692\" alt=\"\" srcset=\"https:\/\/www.villamango.com.br\/wp-content\/uploads\/2023\/05\/lua-do-mel-nordeste-1024x848.jpeg 1024w, https:\/\/www.villamango.com.br\/wp-content\/uploads\/2023\/05\/lua-do-mel-nordeste-300x248.jpeg 300w, https:\/\/www.villamango.com.br\/wp-content\/uploads\/2023\/05\/lua-do-mel-nordeste-768x636.jpeg 768w, https:\/\/www.villamango.com.br\/wp-content\/uploads\/2023\/05\/lua-do-mel-nordeste.jpeg 1280w\" sizes=\"(max-width: 800px) 100vw, 800px\" \/>\t\t\t\t\t\t\t\t\t\t\t\t\t\t\t<\/div>\n\t\t\t\t<\/div>\n\t\t\t\t<\/div>\n\t\t\t\t\t<\/div>\n\t\t\t\t<\/div>\n\t\t<div class=\"elementor-element elementor-element-bc33581 e-flex e-con-boxed e-con e-parent\" data-id=\"bc33581\" data-element_type=\"container\" data-e-type=\"container\">\n\t\t\t\t\t<div class=\"e-con-inner\">\n\t\t\t\t<div class=\"elementor-element elementor-element-047579c elementor-widget elementor-widget-heading\" data-id=\"047579c\" data-element_type=\"widget\" data-e-type=\"widget\" data-widget_type=\"heading.default\">\n\t\t\t\t<div class=\"elementor-widget-container\">\n\t\t\t\t\t<h2 class=\"elementor-heading-title elementor-size-default\">Planifiez des <b>moments sp\u00e9ciaux<\/b> et rendez-les <b>inoubliables<\/b>!  <\/h2>\t\t\t\t<\/div>\n\t\t\t\t<\/div>\n\t\t\t\t<div class=\"elementor-element elementor-element-23e4ed7 elementor-align-center elementor-hidden-desktop elementor-hidden-tablet elementor-hidden-mobile elementor-widget elementor-widget-button\" data-id=\"23e4ed7\" data-element_type=\"widget\" data-e-type=\"widget\" data-widget_type=\"button.default\">\n\t\t\t\t<div class=\"elementor-widget-container\">\n\t\t\t\t\t\t\t\t\t<div class=\"elementor-button-wrapper\">\n\t\t\t\t\t<a class=\"elementor-button elementor-button-link elementor-size-sm\" href=\"#elementor-action%3Aaction%3Dpopup%3Aopen%26settings%3DeyJpZCI6MjIxMiwidG9nZ2xlIjpmYWxzZX0%3D\">\n\t\t\t\t\t\t<span class=\"elementor-button-content-wrapper\">\n\t\t\t\t\t\t\t\t\t<span class=\"elementor-button-text\">R\u00e9server<\/span>\n\t\t\t\t\t<\/span>\n\t\t\t\t\t<\/a>\n\t\t\t\t<\/div>\n\t\t\t\t\t\t\t\t<\/div>\n\t\t\t\t<\/div>\n\t\t\t\t\t<\/div>\n\t\t\t\t<\/div>\n\t\t\t\t<\/div>\n\t\t","protected":false},"excerpt":{"rendered":"<p>\u00c9V\u00c9NEMENTS SP\u00c9CIAUX C\u00e9l\u00e9brer des moments uniques \u00e0 Villa Mango R\u00e9server Notre Beach Club Hotel, situ\u00e9 sur la magnifique plage d&rsquo;Icaraizinho, dans le nord-est du Br\u00e9sil, est le cadre id\u00e9al pour rendre votre \u00e9v\u00e9nement inoubliable. Qu&rsquo;il s&rsquo;agisse d&rsquo;un mariage, d&rsquo;un anniversaire ou d&rsquo;une lune de miel, nous vous proposons un cadre charmant et des services personnalis\u00e9s [&hellip;]<\/p>\n","protected":false},"author":1,"featured_media":1634,"parent":0,"menu_order":5,"comment_status":"closed","ping_status":"closed","template":"","meta":{"_seopress_robots_primary_cat":"","_seopress_titles_title":"C\u00e9l\u00e9brez des moments inoubliables : mariages, lunes de miel et anniversaires dans le nord-est du Br\u00e9sil, Cear\u00e1 - Icaraizinho - Villa Mango","_seopress_titles_desc":"C\u00e9l\u00e9brez votre mariage, votre lune de miel ou votre anniversaire dans le nord-est du Br\u00e9sil. D\u00e9couvrez la joie, le romantisme et la culture unique de cette r\u00e9gion enchanteresse. Faites de vos moments privil\u00e9gi\u00e9s des moments inoubliables gr\u00e2ce aux services exceptionnels propos\u00e9s par la Villa Mango.","_seopress_robots_index":"","footnotes":""},"class_list":["post-1991","page","type-page","status-publish","has-post-thumbnail","hentry"],"_links":{"self":[{"href":"https:\/\/www.villamango.com.br\/fr\/wp-json\/wp\/v2\/pages\/1991","targetHints":{"allow":["GET"]}}],"collection":[{"href":"https:\/\/www.villamango.com.br\/fr\/wp-json\/wp\/v2\/pages"}],"about":[{"href":"https:\/\/www.villamango.com.br\/fr\/wp-json\/wp\/v2\/types\/page"}],"author":[{"embeddable":true,"href":"https:\/\/www.villamango.com.br\/fr\/wp-json\/wp\/v2\/users\/1"}],"replies":[{"embeddable":true,"href":"https:\/\/www.villamango.com.br\/fr\/wp-json\/wp\/v2\/comments?post=1991"}],"version-history":[{"count":7,"href":"https:\/\/www.villamango.com.br\/fr\/wp-json\/wp\/v2\/pages\/1991\/revisions"}],"predecessor-version":[{"id":3885,"href":"https:\/\/www.villamango.com.br\/fr\/wp-json\/wp\/v2\/pages\/1991\/revisions\/3885"}],"wp:featuredmedia":[{"embeddable":true,"href":"https:\/\/www.villamango.com.br\/fr\/wp-json\/wp\/v2\/media\/1634"}],"wp:attachment":[{"href":"https:\/\/www.villamango.com.br\/fr\/wp-json\/wp\/v2\/media?parent=1991"}],"curies":[{"name":"wp","href":"https:\/\/api.w.org\/{rel}","templated":true}]}}