{"id":1987,"date":"2023-05-03T17:46:34","date_gmt":"2023-05-03T17:46:34","guid":{"rendered":"https:\/\/www.villamango.com.br\/restaurant\/"},"modified":"2026-02-05T18:26:20","modified_gmt":"2026-02-05T18:26:20","slug":"restaurant","status":"publish","type":"page","link":"https:\/\/www.villamango.com.br\/fr\/restaurant\/","title":{"rendered":"Restaurant"},"content":{"rendered":"\t\t<div data-elementor-type=\"wp-page\" data-elementor-id=\"1987\" class=\"elementor elementor-1987 elementor-59\" data-elementor-post-type=\"page\">\n\t\t\t\t<div class=\"elementor-element elementor-element-945e474 e-flex e-con-boxed e-con e-parent\" data-id=\"945e474\" data-element_type=\"container\" data-e-type=\"container\" data-settings=\"{&quot;background_background&quot;:&quot;classic&quot;}\">\n\t\t\t\t\t<div class=\"e-con-inner\">\n\t\t\t\t<div class=\"elementor-element elementor-element-0f59047 elementor-widget elementor-widget-heading\" data-id=\"0f59047\" data-element_type=\"widget\" data-e-type=\"widget\" data-widget_type=\"heading.default\">\n\t\t\t\t<div class=\"elementor-widget-container\">\n\t\t\t\t\t<h1 class=\"elementor-heading-title elementor-size-default\">RESTAURANT<\/h1>\t\t\t\t<\/div>\n\t\t\t\t<\/div>\n\t\t\t\t<div class=\"elementor-element elementor-element-8ee6e02 elementor-widget-divider--view-line elementor-widget elementor-widget-divider\" data-id=\"8ee6e02\" data-element_type=\"widget\" data-e-type=\"widget\" data-widget_type=\"divider.default\">\n\t\t\t\t<div class=\"elementor-widget-container\">\n\t\t\t\t\t\t\t<div class=\"elementor-divider\">\n\t\t\t<span class=\"elementor-divider-separator\">\n\t\t\t\t\t\t<\/span>\n\t\t<\/div>\n\t\t\t\t\t\t<\/div>\n\t\t\t\t<\/div>\n\t\t\t\t<div class=\"elementor-element elementor-element-ac986c5 elementor-widget elementor-widget-heading\" data-id=\"ac986c5\" data-element_type=\"widget\" data-e-type=\"widget\" data-widget_type=\"heading.default\">\n\t\t\t\t<div class=\"elementor-widget-container\">\n\t\t\t\t\t<h3 class=\"elementor-heading-title elementor-size-default\">Saveurs de la <b>cuisine du Cear\u00e1<\/b> avec une s\u00e9lection de plats vari\u00e9s et sains<\/h3>\t\t\t\t<\/div>\n\t\t\t\t<\/div>\n\t\t<div class=\"elementor-element elementor-element-b3a4be7 e-flex e-con-boxed e-con e-child\" data-id=\"b3a4be7\" data-element_type=\"container\" data-e-type=\"container\">\n\t\t\t\t\t<div class=\"e-con-inner\">\n\t\t\t\t<div class=\"elementor-element elementor-element-3ce2f5e elementor-mobile-align-justify elementor-hidden-desktop elementor-hidden-tablet elementor-hidden-mobile elementor-widget elementor-widget-button\" data-id=\"3ce2f5e\" data-element_type=\"widget\" data-e-type=\"widget\" data-widget_type=\"button.default\">\n\t\t\t\t<div class=\"elementor-widget-container\">\n\t\t\t\t\t\t\t\t\t<div class=\"elementor-button-wrapper\">\n\t\t\t\t\t<a class=\"elementor-button elementor-button-link elementor-size-sm\" href=\"https:\/\/www.villamango.com.br\/wp-content\/uploads\/2025\/10\/MENU-VILLA-MANGO.pdf.pdf\">\n\t\t\t\t\t\t<span class=\"elementor-button-content-wrapper\">\n\t\t\t\t\t\t\t\t\t<span class=\"elementor-button-text\">Menu du restaurant<\/span>\n\t\t\t\t\t<\/span>\n\t\t\t\t\t<\/a>\n\t\t\t\t<\/div>\n\t\t\t\t\t\t\t\t<\/div>\n\t\t\t\t<\/div>\n\t\t\t\t<div class=\"elementor-element elementor-element-a964adf elementor-mobile-align-justify elementor-hidden-desktop elementor-hidden-tablet elementor-hidden-mobile elementor-widget elementor-widget-button\" data-id=\"a964adf\" data-element_type=\"widget\" data-e-type=\"widget\" data-widget_type=\"button.default\">\n\t\t\t\t<div class=\"elementor-widget-container\">\n\t\t\t\t\t\t\t\t\t<div class=\"elementor-button-wrapper\">\n\t\t\t\t\t<a class=\"elementor-button elementor-button-link elementor-size-sm\" href=\"https:\/\/www.villamango.com.br\/wp-content\/uploads\/2025\/07\/menu-kite-bar-1.pdf\">\n\t\t\t\t\t\t<span class=\"elementor-button-content-wrapper\">\n\t\t\t\t\t\t\t\t\t<span class=\"elementor-button-text\">Menu du Kite Bar<\/span>\n\t\t\t\t\t<\/span>\n\t\t\t\t\t<\/a>\n\t\t\t\t<\/div>\n\t\t\t\t\t\t\t\t<\/div>\n\t\t\t\t<\/div>\n\t\t\t\t<div class=\"elementor-element elementor-element-2eeea25 elementor-hidden-desktop elementor-hidden-tablet elementor-hidden-mobile elementor-widget elementor-widget-button\" data-id=\"2eeea25\" data-element_type=\"widget\" data-e-type=\"widget\" data-widget_type=\"button.default\">\n\t\t\t\t<div class=\"elementor-widget-container\">\n\t\t\t\t\t\t\t\t\t<div class=\"elementor-button-wrapper\">\n\t\t\t\t\t<a class=\"elementor-button elementor-button-link elementor-size-sm\" href=\"https:\/\/wa.me\/558581548849\" target=\"_blank\" rel=\"nofollow\">\n\t\t\t\t\t\t<span class=\"elementor-button-content-wrapper\">\n\t\t\t\t\t\t<span class=\"elementor-button-icon\">\n\t\t\t\t<svg aria-hidden=\"true\" class=\"e-font-icon-svg e-fab-whatsapp\" viewBox=\"0 0 448 512\" xmlns=\"http:\/\/www.w3.org\/2000\/svg\"><path d=\"M380.9 97.1C339 55.1 283.2 32 223.9 32c-122.4 0-222 99.6-222 222 0 39.1 10.2 77.3 29.6 111L0 480l117.7-30.9c32.4 17.7 68.9 27 106.1 27h.1c122.3 0 224.1-99.6 224.1-222 0-59.3-25.2-115-67.1-157zm-157 341.6c-33.2 0-65.7-8.9-94-25.7l-6.7-4-69.8 18.3L72 359.2l-4.4-7c-18.5-29.4-28.2-63.3-28.2-98.2 0-101.7 82.8-184.5 184.6-184.5 49.3 0 95.6 19.2 130.4 54.1 34.8 34.9 56.2 81.2 56.1 130.5 0 101.8-84.9 184.6-186.6 184.6zm101.2-138.2c-5.5-2.8-32.8-16.2-37.9-18-5.1-1.9-8.8-2.8-12.5 2.8-3.7 5.6-14.3 18-17.6 21.8-3.2 3.7-6.5 4.2-12 1.4-32.6-16.3-54-29.1-75.5-66-5.7-9.8 5.7-9.1 16.3-30.3 1.8-3.7.9-6.9-.5-9.7-1.4-2.8-12.5-30.1-17.1-41.2-4.5-10.8-9.1-9.3-12.5-9.5-3.2-.2-6.9-.2-10.6-.2-3.7 0-9.7 1.4-14.8 6.9-5.1 5.6-19.4 19-19.4 46.3 0 27.3 19.9 53.7 22.6 57.4 2.8 3.7 39.1 59.7 94.8 83.8 35.2 15.2 49 16.5 66.6 13.9 10.7-1.6 32.8-13.4 37.4-26.4 4.6-13 4.6-24.1 3.2-26.4-1.3-2.5-5-3.9-10.5-6.6z\"><\/path><\/svg>\t\t\t<\/span>\n\t\t\t\t\t\t\t\t\t<span class=\"elementor-button-text\">R\u00e9server<\/span>\n\t\t\t\t\t<\/span>\n\t\t\t\t\t<\/a>\n\t\t\t\t<\/div>\n\t\t\t\t\t\t\t\t<\/div>\n\t\t\t\t<\/div>\n\t\t\t\t\t<\/div>\n\t\t\t\t<\/div>\n\t\t\t\t\t<\/div>\n\t\t\t\t<\/div>\n\t\t<div class=\"elementor-element elementor-element-1773f5c e-flex e-con-boxed e-con e-parent\" data-id=\"1773f5c\" data-element_type=\"container\" data-e-type=\"container\">\n\t\t\t\t\t<div class=\"e-con-inner\">\n\t\t\t\t<div class=\"elementor-element elementor-element-7e95403 green elementor-widget elementor-widget-heading\" data-id=\"7e95403\" data-element_type=\"widget\" data-e-type=\"widget\" data-widget_type=\"heading.default\">\n\t\t\t\t<div class=\"elementor-widget-container\">\n\t\t\t\t\t<h2 class=\"elementor-heading-title elementor-size-default\">Gastronomie <b> et<\/b> nature<\/h2>\t\t\t\t<\/div>\n\t\t\t\t<\/div>\n\t\t\t\t<div class=\"elementor-element elementor-element-9e18c42 elementor-widget elementor-widget-text-editor\" data-id=\"9e18c42\" data-element_type=\"widget\" data-e-type=\"widget\" data-widget_type=\"text-editor.default\">\n\t\t\t\t<div class=\"elementor-widget-container\">\n\t\t\t\t\t\t\t\t\t<p>Plongez dans les <strong>saveurs du Cear\u00e1<\/strong> avec une s\u00e9lection de plats diversifi\u00e9s et sains qui raviront votre palais.<\/p>\t\t\t\t\t\t\t\t<\/div>\n\t\t\t\t<\/div>\n\t\t<div class=\"elementor-element elementor-element-b0dace0 e-flex e-con-boxed e-con e-child\" data-id=\"b0dace0\" data-element_type=\"container\" data-e-type=\"container\">\n\t\t\t\t\t<div class=\"e-con-inner\">\n\t\t\t\t<div class=\"elementor-element elementor-element-029be1c elementor-absolute elementor-widget elementor-widget-image\" data-id=\"029be1c\" data-element_type=\"widget\" data-e-type=\"widget\" data-settings=\"{&quot;_position&quot;:&quot;absolute&quot;}\" data-widget_type=\"image.default\">\n\t\t\t\t<div class=\"elementor-widget-container\">\n\t\t\t\t\t\t\t\t\t\t\t\t\t\t\t<img decoding=\"async\" width=\"266\" height=\"182\" src=\"https:\/\/www.villamango.com.br\/wp-content\/uploads\/2023\/05\/forme-rectangle-orange.png\" class=\"attachment-medium size-medium wp-image-1676\" alt=\"\" \/>\t\t\t\t\t\t\t\t\t\t\t\t\t\t\t<\/div>\n\t\t\t\t<\/div>\n\t\t\t\t<div class=\"elementor-element elementor-element-74eee80 elementor-absolute elementor-widget elementor-widget-image\" data-id=\"74eee80\" data-element_type=\"widget\" data-e-type=\"widget\" data-settings=\"{&quot;_position&quot;:&quot;absolute&quot;}\" data-widget_type=\"image.default\">\n\t\t\t\t<div class=\"elementor-widget-container\">\n\t\t\t\t\t\t\t\t\t\t\t\t\t\t\t<img decoding=\"async\" width=\"266\" height=\"182\" src=\"https:\/\/www.villamango.com.br\/wp-content\/uploads\/2023\/05\/forme-rectangle-orange.png\" class=\"attachment-medium size-medium wp-image-1676\" alt=\"\" \/>\t\t\t\t\t\t\t\t\t\t\t\t\t\t\t<\/div>\n\t\t\t\t<\/div>\n\t\t<div class=\"elementor-element elementor-element-bf613d2 e-flex e-con-boxed e-con e-child\" data-id=\"bf613d2\" data-element_type=\"container\" data-e-type=\"container\" data-settings=\"{&quot;background_background&quot;:&quot;classic&quot;}\">\n\t\t\t\t\t<div class=\"e-con-inner\">\n\t\t<div class=\"elementor-element elementor-element-fa7092a e-flex e-con-boxed e-con e-child\" data-id=\"fa7092a\" data-element_type=\"container\" data-e-type=\"container\">\n\t\t\t\t\t<div class=\"e-con-inner\">\n\t\t\t\t<div class=\"elementor-element elementor-element-4b69324 elementor-view-default elementor-widget elementor-widget-icon\" data-id=\"4b69324\" data-element_type=\"widget\" data-e-type=\"widget\" data-widget_type=\"icon.default\">\n\t\t\t\t<div class=\"elementor-widget-container\">\n\t\t\t\t\t\t\t<div class=\"elementor-icon-wrapper\">\n\t\t\t<div class=\"elementor-icon\">\n\t\t\t<svg xmlns=\"http:\/\/www.w3.org\/2000\/svg\" width=\"41\" height=\"40\" viewBox=\"0 0 41 40\" fill=\"none\"><path d=\"M26.8731 14.459C27.5599 14.9157 28.3843 15.1818 29.2709 15.1818C31.6658 15.1818 33.6073 13.2403 33.6073 10.8454C33.6073 8.45049 31.6658 6.50903 29.2709 6.50903C26.876 6.50903 24.9346 8.45049 24.9346 10.8454C24.9346 11.0916 24.9551 11.3331 24.9945 11.5681\" stroke=\"#FF803A\"><\/path><path d=\"M18.6818 24.3362L29.2711 11.3271H7.10742L18.6818 24.3362Z\" stroke=\"#FF803A\"><\/path><path d=\"M18.6709 24.3364V34.6955\" stroke=\"#FF803A\"><\/path><path d=\"M14.3345 35.4182L23.0072 35.4182\" stroke=\"#FF803A\"><\/path><path d=\"M16.2621 11.5682L13.853 4.58179H8.79395\" stroke=\"#FF803A\"><\/path><\/svg>\t\t\t<\/div>\n\t\t<\/div>\n\t\t\t\t\t\t<\/div>\n\t\t\t\t<\/div>\n\t\t\t\t<div class=\"elementor-element elementor-element-f47b735 elementor-widget elementor-widget-heading\" data-id=\"f47b735\" data-element_type=\"widget\" data-e-type=\"widget\" data-widget_type=\"heading.default\">\n\t\t\t\t<div class=\"elementor-widget-container\">\n\t\t\t\t\t<div class=\"elementor-heading-title elementor-size-default\">Tout au long de la journ\u00e9e, nos barmen sont \u00e0 votre disposition pour vous servir nos <b>cocktails exotiques classiques<\/b>.<\/div>\t\t\t\t<\/div>\n\t\t\t\t<\/div>\n\t\t\t\t\t<\/div>\n\t\t\t\t<\/div>\n\t\t\t\t<div class=\"elementor-element elementor-element-49acd25 elementor-align-justify elementor-widget__width-inherit elementor-widget elementor-widget-button\" data-id=\"49acd25\" data-element_type=\"widget\" data-e-type=\"widget\" data-widget_type=\"button.default\">\n\t\t\t\t<div class=\"elementor-widget-container\">\n\t\t\t\t\t\t\t\t\t<div class=\"elementor-button-wrapper\">\n\t\t\t\t\t<a class=\"elementor-button elementor-button-link elementor-size-sm\" href=\"https:\/\/www.villamango.com.br\/wp-content\/uploads\/2025\/07\/villa-mango-menu.pdf\">\n\t\t\t\t\t\t<span class=\"elementor-button-content-wrapper\">\n\t\t\t\t\t\t\t\t\t<span class=\"elementor-button-text\">Voir le menu<\/span>\n\t\t\t\t\t<\/span>\n\t\t\t\t\t<\/a>\n\t\t\t\t<\/div>\n\t\t\t\t\t\t\t\t<\/div>\n\t\t\t\t<\/div>\n\t\t\t\t\t<\/div>\n\t\t\t\t<\/div>\n\t\t\t\t\t<\/div>\n\t\t\t\t<\/div>\n\t\t\t\t<div class=\"elementor-element elementor-element-5548440 elementor-widget elementor-widget-text-editor\" data-id=\"5548440\" data-element_type=\"widget\" data-e-type=\"widget\" data-widget_type=\"text-editor.default\">\n\t\t\t\t<div class=\"elementor-widget-container\">\n\t\t\t\t\t\t\t\t\t<p class=\"p1\">Le <strong>petit d\u00e9jeuner<\/strong> est servi de 8h \u00e0 10h.<\/p>\t\t\t\t\t\t\t\t<\/div>\n\t\t\t\t<\/div>\n\t\t<div class=\"elementor-element elementor-element-360f25e e-flex e-con-boxed e-con e-child\" data-id=\"360f25e\" data-element_type=\"container\" data-e-type=\"container\">\n\t\t\t\t\t<div class=\"e-con-inner\">\n\t\t\t\t<div class=\"elementor-element elementor-element-2e45268 elementor-absolute elementor-widget elementor-widget-image\" data-id=\"2e45268\" data-element_type=\"widget\" data-e-type=\"widget\" data-settings=\"{&quot;_position&quot;:&quot;absolute&quot;}\" data-widget_type=\"image.default\">\n\t\t\t\t<div class=\"elementor-widget-container\">\n\t\t\t\t\t\t\t\t\t\t\t\t\t\t\t<img fetchpriority=\"high\" decoding=\"async\" width=\"768\" height=\"768\" src=\"https:\/\/www.villamango.com.br\/wp-content\/uploads\/2023\/05\/forme-fond-768x768.png\" class=\"attachment-medium_large size-medium_large wp-image-1614\" alt=\"\" srcset=\"https:\/\/www.villamango.com.br\/wp-content\/uploads\/2023\/05\/forme-fond-768x768.png 768w, https:\/\/www.villamango.com.br\/wp-content\/uploads\/2023\/05\/forme-fond-300x300.png 300w, https:\/\/www.villamango.com.br\/wp-content\/uploads\/2023\/05\/forme-fond-150x150.png 150w, https:\/\/www.villamango.com.br\/wp-content\/uploads\/2023\/05\/forme-fond.png 806w\" sizes=\"(max-width: 768px) 100vw, 768px\" \/>\t\t\t\t\t\t\t\t\t\t\t\t\t\t\t<\/div>\n\t\t\t\t<\/div>\n\t\t\t\t<div class=\"elementor-element elementor-element-4d434ea square-img elementor-widget elementor-widget-image\" data-id=\"4d434ea\" data-element_type=\"widget\" data-e-type=\"widget\" data-widget_type=\"image.default\">\n\t\t\t\t<div class=\"elementor-widget-container\">\n\t\t\t\t\t\t\t\t\t\t\t\t\t\t\t<img decoding=\"async\" width=\"800\" height=\"762\" src=\"https:\/\/www.villamango.com.br\/wp-content\/uploads\/2023\/05\/restaurante-camarao-icaraizinho.jpeg\" class=\"attachment-large size-large wp-image-1626\" alt=\"\" srcset=\"https:\/\/www.villamango.com.br\/wp-content\/uploads\/2023\/05\/restaurante-camarao-icaraizinho.jpeg 832w, https:\/\/www.villamango.com.br\/wp-content\/uploads\/2023\/05\/restaurante-camarao-icaraizinho-300x286.jpeg 300w, https:\/\/www.villamango.com.br\/wp-content\/uploads\/2023\/05\/restaurante-camarao-icaraizinho-768x731.jpeg 768w\" sizes=\"(max-width: 800px) 100vw, 800px\" \/>\t\t\t\t\t\t\t\t\t\t\t\t\t\t\t<\/div>\n\t\t\t\t<\/div>\n\t\t\t\t<div class=\"elementor-element elementor-element-744c042 square-img elementor-widget elementor-widget-image\" data-id=\"744c042\" data-element_type=\"widget\" data-e-type=\"widget\" data-widget_type=\"image.default\">\n\t\t\t\t<div class=\"elementor-widget-container\">\n\t\t\t\t\t\t\t\t\t\t\t\t\t\t\t<img loading=\"lazy\" decoding=\"async\" width=\"800\" height=\"762\" src=\"https:\/\/www.villamango.com.br\/wp-content\/uploads\/2023\/05\/acai-em-icaraizinho.jpeg\" class=\"attachment-large size-large wp-image-1628\" alt=\"\" srcset=\"https:\/\/www.villamango.com.br\/wp-content\/uploads\/2023\/05\/acai-em-icaraizinho.jpeg 832w, https:\/\/www.villamango.com.br\/wp-content\/uploads\/2023\/05\/acai-em-icaraizinho-300x286.jpeg 300w, https:\/\/www.villamango.com.br\/wp-content\/uploads\/2023\/05\/acai-em-icaraizinho-768x731.jpeg 768w\" sizes=\"(max-width: 800px) 100vw, 800px\" \/>\t\t\t\t\t\t\t\t\t\t\t\t\t\t\t<\/div>\n\t\t\t\t<\/div>\n\t\t\t\t<div class=\"elementor-element elementor-element-8a690d6 square-img elementor-widget elementor-widget-image\" data-id=\"8a690d6\" data-element_type=\"widget\" data-e-type=\"widget\" data-widget_type=\"image.default\">\n\t\t\t\t<div class=\"elementor-widget-container\">\n\t\t\t\t\t\t\t\t\t\t\t\t\t\t\t<img loading=\"lazy\" decoding=\"async\" width=\"800\" height=\"762\" src=\"https:\/\/www.villamango.com.br\/wp-content\/uploads\/2023\/05\/carne-do-sol-icaraizinho.jpeg\" class=\"attachment-large size-large wp-image-1630\" alt=\"\" srcset=\"https:\/\/www.villamango.com.br\/wp-content\/uploads\/2023\/05\/carne-do-sol-icaraizinho.jpeg 832w, https:\/\/www.villamango.com.br\/wp-content\/uploads\/2023\/05\/carne-do-sol-icaraizinho-300x286.jpeg 300w, https:\/\/www.villamango.com.br\/wp-content\/uploads\/2023\/05\/carne-do-sol-icaraizinho-768x731.jpeg 768w\" sizes=\"(max-width: 800px) 100vw, 800px\" \/>\t\t\t\t\t\t\t\t\t\t\t\t\t\t\t<\/div>\n\t\t\t\t<\/div>\n\t\t\t\t<div class=\"elementor-element elementor-element-6c6b4f2 elementor-absolute elementor-widget elementor-widget-image\" data-id=\"6c6b4f2\" data-element_type=\"widget\" data-e-type=\"widget\" data-settings=\"{&quot;_position&quot;:&quot;absolute&quot;}\" data-widget_type=\"image.default\">\n\t\t\t\t<div class=\"elementor-widget-container\">\n\t\t\t\t\t\t\t\t\t\t\t\t\t\t\t<img loading=\"lazy\" decoding=\"async\" width=\"336\" height=\"336\" src=\"https:\/\/www.villamango.com.br\/wp-content\/uploads\/2023\/05\/elipse-fond.png\" class=\"attachment-medium_large size-medium_large wp-image-1632\" alt=\"\" srcset=\"https:\/\/www.villamango.com.br\/wp-content\/uploads\/2023\/05\/elipse-fond.png 336w, https:\/\/www.villamango.com.br\/wp-content\/uploads\/2023\/05\/elipse-fond-300x300.png 300w, https:\/\/www.villamango.com.br\/wp-content\/uploads\/2023\/05\/elipse-fond-150x150.png 150w\" sizes=\"(max-width: 336px) 100vw, 336px\" \/>\t\t\t\t\t\t\t\t\t\t\t\t\t\t\t<\/div>\n\t\t\t\t<\/div>\n\t\t\t\t\t<\/div>\n\t\t\t\t<\/div>\n\t\t\t\t\t<\/div>\n\t\t\t\t<\/div>\n\t\t<div class=\"elementor-element elementor-element-0ead7a3 e-flex e-con-boxed e-con e-parent\" data-id=\"0ead7a3\" data-element_type=\"container\" data-e-type=\"container\" data-settings=\"{&quot;background_background&quot;:&quot;classic&quot;}\">\n\t\t\t\t\t<div class=\"e-con-inner\">\n\t\t<div class=\"elementor-element elementor-element-9d01355 e-con-full e-flex e-con e-child\" data-id=\"9d01355\" data-element_type=\"container\" data-e-type=\"container\">\n\t\t\t\t<div class=\"elementor-element elementor-element-f448b79 elementor-widget elementor-widget-heading\" data-id=\"f448b79\" data-element_type=\"widget\" data-e-type=\"widget\" data-widget_type=\"heading.default\">\n\t\t\t\t<div class=\"elementor-widget-container\">\n\t\t\t\t\t<h3 class=\"elementor-heading-title elementor-size-default\">Exclusif<\/h3>\t\t\t\t<\/div>\n\t\t\t\t<\/div>\n\t\t\t\t<div class=\"elementor-element elementor-element-c77371b elementor-widget elementor-widget-heading\" data-id=\"c77371b\" data-element_type=\"widget\" data-e-type=\"widget\" data-widget_type=\"heading.default\">\n\t\t\t\t<div class=\"elementor-widget-container\">\n\t\t\t\t\t<h2 class=\"elementor-heading-title elementor-size-default\">D\u00eener <b>romantique<\/b><\/h2>\t\t\t\t<\/div>\n\t\t\t\t<\/div>\n\t\t\t\t<div class=\"elementor-element elementor-element-680f444 elementor-widget elementor-widget-text-editor\" data-id=\"680f444\" data-element_type=\"widget\" data-e-type=\"widget\" data-widget_type=\"text-editor.default\">\n\t\t\t\t<div class=\"elementor-widget-container\">\n\t\t\t\t\t\t\t\t\t<p>Con\u00e7ue sp\u00e9cialement pour les couples qui veulent faire de cette soir\u00e9e un moment unique.<\/p><p>Profitez d&rsquo;un d\u00eener romantique au clair de lune avec votre bien-aim\u00e9(e).<\/p>\t\t\t\t\t\t\t\t<\/div>\n\t\t\t\t<\/div>\n\t\t\t\t<div class=\"elementor-element elementor-element-4f06567 elementor-hidden-desktop elementor-hidden-tablet elementor-hidden-mobile elementor-widget elementor-widget-button\" data-id=\"4f06567\" data-element_type=\"widget\" data-e-type=\"widget\" data-widget_type=\"button.default\">\n\t\t\t\t<div class=\"elementor-widget-container\">\n\t\t\t\t\t\t\t\t\t<div class=\"elementor-button-wrapper\">\n\t\t\t\t\t<a class=\"elementor-button elementor-button-link elementor-size-sm\" href=\"#elementor-action%3Aaction%3Dpopup%3Aopen%26settings%3DeyJpZCI6MjIxOSwidG9nZ2xlIjpmYWxzZX0%3D\" target=\"_blank\" rel=\"nofollow\">\n\t\t\t\t\t\t<span class=\"elementor-button-content-wrapper\">\n\t\t\t\t\t\t\t\t\t<span class=\"elementor-button-text\">R\u00e9server<\/span>\n\t\t\t\t\t<\/span>\n\t\t\t\t\t<\/a>\n\t\t\t\t<\/div>\n\t\t\t\t\t\t\t\t<\/div>\n\t\t\t\t<\/div>\n\t\t\t\t<\/div>\n\t\t<div class=\"elementor-element elementor-element-e904daf e-con-full e-flex e-con e-child\" data-id=\"e904daf\" data-element_type=\"container\" data-e-type=\"container\" data-settings=\"{&quot;background_background&quot;:&quot;classic&quot;}\">\n\t\t<div class=\"elementor-element elementor-element-132a3d7 e-flex e-con-boxed e-con e-child\" data-id=\"132a3d7\" data-element_type=\"container\" data-e-type=\"container\">\n\t\t\t\t\t<div class=\"e-con-inner\">\n\t\t\t\t<div class=\"elementor-element elementor-element-055a356 elementor-absolute elementor-widget elementor-widget-image\" data-id=\"055a356\" data-element_type=\"widget\" data-e-type=\"widget\" data-settings=\"{&quot;_position&quot;:&quot;absolute&quot;}\" data-widget_type=\"image.default\">\n\t\t\t\t<div class=\"elementor-widget-container\">\n\t\t\t\t\t\t\t\t\t\t\t\t\t\t\t<img loading=\"lazy\" decoding=\"async\" width=\"300\" height=\"101\" src=\"https:\/\/www.villamango.com.br\/wp-content\/uploads\/2023\/05\/scotch-1-300x101.png\" class=\"attachment-medium size-medium wp-image-1682\" alt=\"\" srcset=\"https:\/\/www.villamango.com.br\/wp-content\/uploads\/2023\/05\/scotch-1-300x101.png 300w, https:\/\/www.villamango.com.br\/wp-content\/uploads\/2023\/05\/scotch-1.png 314w\" sizes=\"(max-width: 300px) 100vw, 300px\" \/>\t\t\t\t\t\t\t\t\t\t\t\t\t\t\t<\/div>\n\t\t\t\t<\/div>\n\t\t\t\t<div class=\"elementor-element elementor-element-19447dc elementor-widget elementor-widget-image\" data-id=\"19447dc\" data-element_type=\"widget\" data-e-type=\"widget\" data-widget_type=\"image.default\">\n\t\t\t\t<div class=\"elementor-widget-container\">\n\t\t\t\t\t\t\t\t\t\t\t\t\t\t\t<img loading=\"lazy\" decoding=\"async\" width=\"580\" height=\"900\" src=\"https:\/\/www.villamango.com.br\/wp-content\/uploads\/2023\/05\/jantar-romantico.jpeg\" class=\"attachment-large size-large wp-image-1678\" alt=\"\" srcset=\"https:\/\/www.villamango.com.br\/wp-content\/uploads\/2023\/05\/jantar-romantico.jpeg 580w, https:\/\/www.villamango.com.br\/wp-content\/uploads\/2023\/05\/jantar-romantico-193x300.jpeg 193w\" sizes=\"(max-width: 580px) 100vw, 580px\" \/>\t\t\t\t\t\t\t\t\t\t\t\t\t\t\t<\/div>\n\t\t\t\t<\/div>\n\t\t\t\t\t<\/div>\n\t\t\t\t<\/div>\n\t\t<div class=\"elementor-element elementor-element-6450eb9 e-con-full e-flex e-con e-child\" data-id=\"6450eb9\" data-element_type=\"container\" data-e-type=\"container\">\n\t\t\t\t<div class=\"elementor-element elementor-element-de5c08d elementor-absolute elementor-widget elementor-widget-image\" data-id=\"de5c08d\" data-element_type=\"widget\" data-e-type=\"widget\" data-settings=\"{&quot;_position&quot;:&quot;absolute&quot;}\" data-widget_type=\"image.default\">\n\t\t\t\t<div class=\"elementor-widget-container\">\n\t\t\t\t\t\t\t\t\t\t\t\t\t\t\t<img loading=\"lazy\" decoding=\"async\" width=\"162\" height=\"189\" src=\"https:\/\/www.villamango.com.br\/wp-content\/uploads\/2023\/05\/scotch-2.png\" class=\"attachment-medium size-medium wp-image-1684\" alt=\"\" \/>\t\t\t\t\t\t\t\t\t\t\t\t\t\t\t<\/div>\n\t\t\t\t<\/div>\n\t\t\t\t<div class=\"elementor-element elementor-element-26dc89b elementor-widget elementor-widget-image\" data-id=\"26dc89b\" data-element_type=\"widget\" data-e-type=\"widget\" data-widget_type=\"image.default\">\n\t\t\t\t<div class=\"elementor-widget-container\">\n\t\t\t\t\t\t\t\t\t\t\t\t\t\t\t<img loading=\"lazy\" decoding=\"async\" width=\"508\" height=\"610\" src=\"https:\/\/www.villamango.com.br\/wp-content\/uploads\/2023\/05\/jantar-romantico-em-icaraizinho.jpeg\" class=\"attachment-large size-large wp-image-1680\" alt=\"\" srcset=\"https:\/\/www.villamango.com.br\/wp-content\/uploads\/2023\/05\/jantar-romantico-em-icaraizinho.jpeg 508w, https:\/\/www.villamango.com.br\/wp-content\/uploads\/2023\/05\/jantar-romantico-em-icaraizinho-250x300.jpeg 250w\" sizes=\"(max-width: 508px) 100vw, 508px\" \/>\t\t\t\t\t\t\t\t\t\t\t\t\t\t\t<\/div>\n\t\t\t\t<\/div>\n\t\t\t\t<div class=\"elementor-element elementor-element-51003c0 elementor-widget elementor-widget-heading\" data-id=\"51003c0\" data-element_type=\"widget\" data-e-type=\"widget\" data-widget_type=\"heading.default\">\n\t\t\t\t<div class=\"elementor-widget-container\">\n\t\t\t\t\t<p class=\"elementor-heading-title elementor-size-default\">Des plats savoureux et un bon vin pour porter un toast \u00e0 l'amour.<\/p>\t\t\t\t<\/div>\n\t\t\t\t<\/div>\n\t\t\t\t<\/div>\n\t\t\t\t<\/div>\n\t\t\t\t\t<\/div>\n\t\t\t\t<\/div>\n\t\t\t\t<\/div>\n\t\t","protected":false},"excerpt":{"rendered":"<p>RESTAURANT Saveurs de la cuisine du Cear\u00e1 avec une s\u00e9lection de plats vari\u00e9s et sains Menu du restaurant Menu du Kite Bar R\u00e9server Gastronomie et nature Plongez dans les saveurs du Cear\u00e1 avec une s\u00e9lection de plats diversifi\u00e9s et sains qui raviront votre palais. Tout au long de la journ\u00e9e, nos barmen sont \u00e0 votre [&hellip;]<\/p>\n","protected":false},"author":1,"featured_media":0,"parent":0,"menu_order":4,"comment_status":"closed","ping_status":"closed","template":"","meta":{"_seopress_robots_primary_cat":"","_seopress_titles_title":"Restaurant de la plage d'Icaraizinho de Amontada %%sep%%% %%sitetitle%%%%.","_seopress_titles_desc":"D\u00e9couvrez les saveurs authentiques de notre restaurant \u00e0 Icaraizinho de Amontada Beach. Savourez un d\u00e9licieux repas avec vue sur la mer et dans une atmosph\u00e8re charmante. Une exp\u00e9rience culinaire parfaite vous attend \u00e0 la Villa Mango.","_seopress_robots_index":"","footnotes":""},"class_list":["post-1987","page","type-page","status-publish","hentry"],"_links":{"self":[{"href":"https:\/\/www.villamango.com.br\/fr\/wp-json\/wp\/v2\/pages\/1987","targetHints":{"allow":["GET"]}}],"collection":[{"href":"https:\/\/www.villamango.com.br\/fr\/wp-json\/wp\/v2\/pages"}],"about":[{"href":"https:\/\/www.villamango.com.br\/fr\/wp-json\/wp\/v2\/types\/page"}],"author":[{"embeddable":true,"href":"https:\/\/www.villamango.com.br\/fr\/wp-json\/wp\/v2\/users\/1"}],"replies":[{"embeddable":true,"href":"https:\/\/www.villamango.com.br\/fr\/wp-json\/wp\/v2\/comments?post=1987"}],"version-history":[{"count":18,"href":"https:\/\/www.villamango.com.br\/fr\/wp-json\/wp\/v2\/pages\/1987\/revisions"}],"predecessor-version":[{"id":3924,"href":"https:\/\/www.villamango.com.br\/fr\/wp-json\/wp\/v2\/pages\/1987\/revisions\/3924"}],"wp:attachment":[{"href":"https:\/\/www.villamango.com.br\/fr\/wp-json\/wp\/v2\/media?parent=1987"}],"curies":[{"name":"wp","href":"https:\/\/api.w.org\/{rel}","templated":true}]}}