{"id":1978,"date":"2023-05-03T12:05:00","date_gmt":"2023-05-03T12:05:00","guid":{"rendered":"https:\/\/www.villamango.com.br\/mentions-legales\/"},"modified":"2023-05-16T19:27:49","modified_gmt":"2023-05-16T19:27:49","slug":"mentions-legales","status":"publish","type":"page","link":"https:\/\/www.villamango.com.br\/fr\/mentions-legales\/","title":{"rendered":"Mentions l\u00e9gales"},"content":{"rendered":"\t\t<div data-elementor-type=\"wp-page\" data-elementor-id=\"1978\" class=\"elementor elementor-1978 elementor-3\" data-elementor-post-type=\"page\">\n\t\t\t\t\t\t<section class=\"elementor-section elementor-top-section elementor-element elementor-element-33fa7e36 elementor-section-boxed elementor-section-height-default elementor-section-height-default\" data-id=\"33fa7e36\" data-element_type=\"section\" data-e-type=\"section\">\n\t\t\t\t\t\t<div class=\"elementor-container elementor-column-gap-default\">\n\t\t\t\t\t<div class=\"elementor-column elementor-col-100 elementor-top-column elementor-element elementor-element-6cfd1376\" data-id=\"6cfd1376\" data-element_type=\"column\" data-e-type=\"column\">\n\t\t\t<div class=\"elementor-widget-wrap elementor-element-populated\">\n\t\t\t\t\t\t<div class=\"elementor-element elementor-element-349d6cf elementor-widget elementor-widget-heading\" data-id=\"349d6cf\" data-element_type=\"widget\" data-e-type=\"widget\" data-widget_type=\"heading.default\">\n\t\t\t\t<div class=\"elementor-widget-container\">\n\t\t\t\t\t<h1 class=\"elementor-heading-title elementor-size-default\">Mentions l\u00e9gales<\/h1>\t\t\t\t<\/div>\n\t\t\t\t<\/div>\n\t\t\t\t<div class=\"elementor-element elementor-element-142960a9 elementor-widget elementor-widget-text-editor\" data-id=\"142960a9\" data-element_type=\"widget\" data-e-type=\"widget\" data-widget_type=\"text-editor.default\">\n\t\t\t\t<div class=\"elementor-widget-container\">\n\t\t\t\t\t\t\t\t\t<p>1. PR\u00c9SENTATION DU SITE<\/p>\n<p>VILLA MANGO<br>Rua Deputado Roberto Mesquita, 1134 Icara\u00ed, Amontada CE\/Br\u00e9sil &#8211; 62540-000<\/p>\n<p>CR\u00c9ATEUR DE SITE WEB<br>AGENCE JR<br>https:\/\/jr.agency<\/p>\n<p>2. CONDITIONS G\u00c9N\u00c9RALES D&rsquo;UTILISATION DU SITE ET DES SERVICES OFFERTS<\/p>\n<p>L&rsquo;utilisation du site web villamango.com.br implique l&rsquo;acceptation pleine et enti\u00e8re des conditions g\u00e9n\u00e9rales d&rsquo;utilisation ci-apr\u00e8s d\u00e9crites. Ces conditions d&rsquo;utilisation sont susceptibles d&rsquo;\u00eatre modifi\u00e9es ou compl\u00e9t\u00e9es \u00e0 tout moment, les utilisateurs du site villamango.com.br sont donc invit\u00e9s \u00e0 les consulter de mani\u00e8re r\u00e9guli\u00e8re.<br>Ce site est normalement accessible aux utilisateurs \u00e0 tout moment. Une interruption due \u00e0 une maintenance technique peut toutefois \u00eatre d\u00e9cid\u00e9e par VILLA MANGO.<br>Ce site est propos\u00e9 en plusieurs langues. Pour un meilleur confort d&rsquo;utilisation et des graphismes plus agr\u00e9ables, nous vous recommandons d&rsquo;utiliser des navigateurs modernes tels que Internet Explorer, Safari, Firefox, Google Chrome, etc.<\/p>\n<p>3. DESCRIPTION DES SERVICES FOURNIS<\/p>\n<p>Le site villamango.com.br a pour objet de fournir une information concernant l&rsquo;ensemble des activit\u00e9s de la soci\u00e9t\u00e9.<br>VILLA MANGO s&rsquo;efforce de fournir sur ce site des informations aussi pr\u00e9cises que possible. Toutefois, il ne peut \u00eatre tenu responsable des omissions, des inexactitudes et des carences dans la mise \u00e0 jour, qu&rsquo;elles soient de votre fait ou de celui des tiers partenaires qui fournissent ces informations.<br>Tous les informations indiqu\u00e9es sur le site villamango.com.br sont donn\u00e9es \u00e0 titre indicatif, et sont susceptibles d&rsquo;\u00e9voluer. Par ailleurs, les informations contenues dans ce site ne sont pas exhaustives. Elles sont soumises aux changements intervenus depuis leur mise en ligne.<\/p>\n<p>4. LIMITATIONS CONTRACTUELLES SUR LES DONN\u00c9ES TECHNIQUES<\/p>\n<p>Les informations contenues dans ce site sont aussi pr\u00e9cises que possible et le site est mis \u00e0 jour \u00e0 diff\u00e9rents moments de l&rsquo;ann\u00e9e mais peut contenir des inexactitudes ou des omissions. Si vous constatez une lacune, une erreur ou ce qui semble \u00eatre un dysfonctionnement, veuillez le signaler par courrier \u00e9lectronique.<br>Tout contenu t\u00e9l\u00e9charg\u00e9 l&rsquo;est \u00e0 vos risques et p\u00e9rils et sous votre seule responsabilit\u00e9. En cons\u00e9quence, elle ne peut \u00eatre tenue responsable d&rsquo;un quelconque dommage subi par l&rsquo;ordinateur de l&rsquo;utilisateur ou d&rsquo;une quelconque perte de donn\u00e9es cons\u00e9cutifs au t\u00e9l\u00e9chargement. De plus, l&rsquo;utilisateur du site s&rsquo;engage \u00e0 acc\u00e9der au site en utilisant un mat\u00e9riel r\u00e9cent, ne contenant pas de virus et avec un navigateur de derni\u00e8re g\u00e9n\u00e9ration mis \u00e0 jour.<br>Les liens hypertextes mis en place dans le cadre du pr\u00e9sent site en direction d&rsquo;autres ressources pr\u00e9sentes sur le r\u00e9seau Internet ne sauraient engager la responsabilit\u00e9 de VILLA MANGO.<\/p>\n<p>5. PROPRI\u00c9T\u00c9 INTELLECTUELLE ET CONTREFA\u00c7ON<\/p>\n<p>Tout le contenu du pr\u00e9sent site villamango.com.br, incluant, de fa\u00e7on non limitative, les graphismes, images, textes, vid\u00e9os, animations, sons, logos, gifs et ic\u00f4nes ainsi que leur mise en forme sont la propri\u00e9t\u00e9 exclusive de la soci\u00e9t\u00e9. \u00e0 l&rsquo;exception des marques, logos ou contenus appartenant \u00e0 d&rsquo;autres entreprises partenaires ou auteurs.<br>Toute reproduction, distribution, modification, adaptation, retransmission ou publication, m\u00eame partielle, de ces diff\u00e9rents \u00e9l\u00e9ments est strictement interdite sans l&rsquo;accord expr\u00e8s par \u00e9crit de VILLA MANGO. Cette repr\u00e9sentation ou reproduction, par quelque proc\u00e9d\u00e9 que ce soit, constitue une contrefa\u00e7on sanctionn\u00e9e par les articles L.335-2 et suivants du Code de la propri\u00e9t\u00e9 intellectuelle. Le non-respect de cette interdiction constitue un d\u00e9lit pouvant engager la responsabilit\u00e9 civile et p\u00e9nale du contrefacteur. En outre, les propri\u00e9taires du contenu copi\u00e9 peuvent intenter une action en justice contre vous.<\/p>\n<p>6. LIMITATION DE LA RESPONSABILIT\u00c9<\/p>\n<p>VILLA MANGO ne pourra \u00eatre tenue responsable des dommages directs et indirects caus\u00e9s au mat\u00e9riel de l&rsquo;utilisateur, lors de l&rsquo;acc\u00e8s au site villamango.com.br, et r\u00e9sultant soit de l&rsquo;utilisation d&rsquo;un mat\u00e9riel ne r\u00e9pondant pas aux sp\u00e9cifications indiqu\u00e9es au point 4, soit de l&rsquo;apparition d&rsquo;un bug ou d&rsquo;une incompatibilit\u00e9.<br>VILLA MANGO ne peut pas non plus \u00eatre tenue responsable des dommages indirects (tels que la perte de parts de march\u00e9 ou d&rsquo;opportunit\u00e9s) r\u00e9sultant de l&rsquo;utilisation du site Internet villamango.com.br.<br>Des espaces interactifs (par exemple, la possibilit\u00e9 de poser des questions dans l&rsquo;espace de contact) sont \u00e0 la disposition des utilisateurs. VILLA MANGO se r\u00e9serve le droit de supprimer, sans mise en demeure pr\u00e9alable, tout contenu d\u00e9pos\u00e9 dans cet espace qui contreviendrait \u00e0 la l\u00e9gislation applicable en France, en particulier aux dispositions relatives \u00e0 la protection des donn\u00e9es. Le cas \u00e9ch\u00e9ant, VILLA MANGO se r\u00e9serve \u00e9galement la possibilit\u00e9 de mettre en cause la responsabilit\u00e9 civile et\/ou p\u00e9nale de l&rsquo;utilisateur, notamment en cas de message \u00e0 caract\u00e8re raciste, sexiste, injurieux, diffamant, ou pornographique, quel que soit le support utilis\u00e9. (texte, photo&#8230; ).<\/p>\n<p>7. GESTION DES DONN\u00c9ES PERSONNELLES<\/p>\n<p>En g\u00e9n\u00e9ral, vous n&rsquo;\u00eates pas oblig\u00e9 de nous communiquer vos donn\u00e9es personnelles lorsque vous visitez notre site web villamango.com.br.<br>Ce principe conna\u00eet toutefois quelques exceptions. En effet, pour certains services offerts par notre site web, il peut vous \u00eatre demand\u00e9 de nous fournir certaines donn\u00e9es, telles que : votre nom, votre fonction, le nom de votre entreprise, votre adresse \u00e9lectronique et votre num\u00e9ro de t\u00e9l\u00e9phone. C&rsquo;est le cas lorsque vous remplissez le formulaire qui vous est propos\u00e9 en ligne, dans la rubrique \u00ab\u00a0contact\u00a0\u00bb.<br>Dans tous les cas, vous pouvez refuser de fournir vos donn\u00e9es personnelles. Dans ce cas, vous ne pourrez pas utiliser les services du site, \u00e0 savoir demander des informations sur notre soci\u00e9t\u00e9, ni recevoir des bulletins d&rsquo;information.<br>Enfin, nous pouvons collecter automatiquement certaines informations vous concernant lorsque vous naviguez simplement sur notre site web, en particulier : des informations sur votre utilisation de notre site web, telles que les zones que vous visitez et les services auxquels vous acc\u00e9dez, votre adresse IP, le type de votre navigateur, vos temps d&rsquo;acc\u00e8s.<br>Ces informations sont utilis\u00e9es exclusivement \u00e0 des fins statistiques internes afin d&rsquo;am\u00e9liorer la qualit\u00e9 des services qui vous sont offerts.<br>Aucune information personnelle de l&rsquo;utilisateur du site villamango.com.br n&rsquo;est publi\u00e9e \u00e0 l&rsquo;insu de l&rsquo;utilisateur, \u00e9chang\u00e9e, transf\u00e9r\u00e9e, c\u00e9d\u00e9e ou vendue sur un support quelconque \u00e0 des tiers. Seule l&rsquo;hypoth\u00e8se du rachat de VILLA MANGO et de ses droits permettrait la transmission des dites informations \u00e0 l&rsquo;\u00e9ventuel acqu\u00e9reur qui serait \u00e0 son tour tenu de la m\u00eame obligation de conservation et de modification des donn\u00e9es vis \u00e0 vis de l&rsquo;utilisateur du site villamango.com.br.<\/p>\n<p>8. LIENS HYPERTEXTES ET COOKIES<\/p>\n<p>Les sites peuvent proposer des liens vers d&rsquo;autres sites ou d&rsquo;autres ressources disponibles sur Internet. VILLA MANGO ne dispose d&rsquo;aucun moyen pour contr\u00f4ler les sites en connexion avec ces sites et ne r\u00e9pond pas de la disponibilit\u00e9 de tels sites et sources externes, ni ne la garantit. SABLE JERI ne peut \u00eatre tenu pour responsable de tout dommage, de quelque nature que ce soit, r\u00e9sultant du contenu de ces sites ou sources externes, et notamment des informations, produits ou services qu&rsquo;ils proposent, ou de tout usage qui peut \u00eatre fait de ces \u00e9l\u00e9ments. Les risques li\u00e9s \u00e0 cette utilisation sont enti\u00e8rement \u00e0 la charge de l&rsquo;internaute, qui doit en respecter les conditions d&rsquo;utilisation.<br>Les utilisateurs, les abonn\u00e9s et les visiteurs ne peuvent mettre en place un hyperlien en direction de ce site sans l&rsquo;autorisation expresse et pr\u00e9alable de VILLA MANGO.<br>Dans l&rsquo;hypoth\u00e8se o\u00f9 un utilisateur ou visiteur souhaiterait mettre en place un hyperlien en direction d&rsquo;un des sites internet de VILLA MANGO, il lui appartiendra d&rsquo;adresser un email accessible sur le site afin de formuler sa demande de mise en place d&rsquo;un hyperlien. VILLA MANGO se r\u00e9serve le droit d&rsquo;accepter ou de refuser un lien hypertexte sans avoir \u00e0 justifier sa d\u00e9cision.<br>La navigation sur le site villamango.com.br peut entra\u00eener l&rsquo;installation de cookies sur l&rsquo;ordinateur de l&rsquo;utilisateur. Un cookie est un fichier de petite taille, qui ne permet pas d&rsquo;identifier l&rsquo;utilisateur, mais qui enregistre des informations relatives \u00e0 la navigation d&rsquo;un ordinateur sur un site Internet. Les donn\u00e9es ainsi obtenues sont destin\u00e9es \u00e0 faciliter la navigation ult\u00e9rieure sur le site et \u00e0 permettre diverses mesures de fr\u00e9quentation.<br>Le refus d&rsquo;installer un cookie peut entra\u00eener l&rsquo;impossibilit\u00e9 d&rsquo;acc\u00e9der \u00e0 certains services. Toutefois, l&rsquo;utilisateur peut configurer son ordinateur de la mani\u00e8re suivante pour refuser l&rsquo;installation de cookies :<br>Dans Internet Explorer : onglet outils (pictogramme en forme d&rsquo;engrenage en haut \u00e0 droite) \/ options internet. Cliquez sur Confidentialit\u00e9 et choisissez Bloquer tous les cookies. Valider sur Ok.<br>Dans Firefox : en haut de la fen\u00eatre du navigateur, cliquez sur le bouton Firefox et allez dans l&rsquo;onglet Options. Cliquez sur l&rsquo;onglet Confidentialit\u00e9. D\u00e9finir les r\u00e8gles de conservation : utiliser les param\u00e8tres personnalis\u00e9s pour l&rsquo;historique. Enfin, d\u00e9cochez la case pour d\u00e9sactiver les cookies.<br>Dans Safari : cliquez sur l&rsquo;ic\u00f4ne de menu (symbolis\u00e9e par une roue dent\u00e9e) dans le coin sup\u00e9rieur droit du navigateur. S\u00e9lectionnez Param\u00e8tres. Cliquez sur Afficher les param\u00e8tres avanc\u00e9s. Dans la section \u00ab\u00a0Vie priv\u00e9e\u00a0\u00bb, cliquez sur Param\u00e8tres de contenu. Dans la section \u00ab\u00a0Cookies\u00a0\u00bb, vous pouvez bloquer les cookies.<br>Dans Chrome : Cliquez sur l&rsquo;ic\u00f4ne de menu (symbolis\u00e9e par trois lignes horizontales) dans le coin sup\u00e9rieur droit du navigateur. S\u00e9lectionnez Param\u00e8tres. Cliquez sur Afficher les param\u00e8tres avanc\u00e9s. Dans la section \u00ab\u00a0Vie priv\u00e9e\u00a0\u00bb, cliquez sur pr\u00e9f\u00e9rences. Sous l&rsquo;onglet \u00ab\u00a0Vie priv\u00e9e\u00a0\u00bb, vous pouvez bloquer les cookies.<\/p>\n<p>GLOSSAIRE<\/p>\n<p>Utilisateur : l&rsquo;internaute qui se connecte au site web.<br>Informations personnelles : \u00ab\u00a0informations qui permettent, sous quelque forme que ce soit, directement ou indirectement, l&rsquo;identification des personnes physiques auxquelles elles s&rsquo;appliquent\u00a0\u00bb.<\/p>\t\t\t\t\t\t\t\t<\/div>\n\t\t\t\t<\/div>\n\t\t\t\t\t<\/div>\n\t\t<\/div>\n\t\t\t\t\t<\/div>\n\t\t<\/section>\n\t\t\t\t<\/div>\n\t\t","protected":false},"excerpt":{"rendered":"<p>1. PR\u00c9SENTATION DU SITE VILLA MANGORua Deputado Roberto Mesquita, 1134 Icara\u00ed, Amontada CE\/Br\u00e9sil &#8211; 62540-000 CR\u00c9ATEUR DE SITE WEBAGENCE JRhttps:\/\/jr.agency 2. CONDITIONS G\u00c9N\u00c9RALES D&rsquo;UTILISATION DU SITE ET DES SERVICES OFFERTS L&rsquo;utilisation du site web villamango.com.br implique l&rsquo;acceptation pleine et enti\u00e8re des conditions g\u00e9n\u00e9rales d&rsquo;utilisation ci-apr\u00e8s d\u00e9crites. Ces conditions d&rsquo;utilisation sont susceptibles d&rsquo;\u00eatre modifi\u00e9es ou compl\u00e9t\u00e9es [&hellip;]<\/p>\n","protected":false},"author":1,"featured_media":0,"parent":0,"menu_order":100,"comment_status":"closed","ping_status":"closed","template":"","meta":{"_seopress_robots_primary_cat":"","_seopress_titles_title":"","_seopress_titles_desc":"","_seopress_robots_index":"oui","footnotes":""},"class_list":["post-1978","page","type-page","status-publish","hentry"],"_links":{"self":[{"href":"https:\/\/www.villamango.com.br\/fr\/wp-json\/wp\/v2\/pages\/1978","targetHints":{"allow":["GET"]}}],"collection":[{"href":"https:\/\/www.villamango.com.br\/fr\/wp-json\/wp\/v2\/pages"}],"about":[{"href":"https:\/\/www.villamango.com.br\/fr\/wp-json\/wp\/v2\/types\/page"}],"author":[{"embeddable":true,"href":"https:\/\/www.villamango.com.br\/fr\/wp-json\/wp\/v2\/users\/1"}],"replies":[{"embeddable":true,"href":"https:\/\/www.villamango.com.br\/fr\/wp-json\/wp\/v2\/comments?post=1978"}],"version-history":[{"count":1,"href":"https:\/\/www.villamango.com.br\/fr\/wp-json\/wp\/v2\/pages\/1978\/revisions"}],"predecessor-version":[{"id":1980,"href":"https:\/\/www.villamango.com.br\/fr\/wp-json\/wp\/v2\/pages\/1978\/revisions\/1980"}],"wp:attachment":[{"href":"https:\/\/www.villamango.com.br\/fr\/wp-json\/wp\/v2\/media?parent=1978"}],"curies":[{"name":"wp","href":"https:\/\/api.w.org\/{rel}","templated":true}]}}